{"id":2,"date":"2016-03-12T21:25:23","date_gmt":"2016-03-12T21:25:23","guid":{"rendered":"http:\/\/blogdorogeriogomes.com.br\/?page_id=2"},"modified":"2020-04-29T11:47:44","modified_gmt":"2020-04-29T11:47:44","slug":"pagina-exemplo","status":"publish","type":"page","link":"https:\/\/blogdorogeriogomes.com.br\/noticias\/pagina-exemplo\/","title":{"rendered":"Saiba mais sobre Rog\u00e9rio Gomes"},"content":{"rendered":"<p><strong>Rog\u00e9rio Gomes de Nor\u00f5es<\/strong> \u00e9 natural de Crato-CE com resid\u00eancia em Fortaleza-CE onde mora h\u00e1 mais de 35 anos<strong>.<\/strong><\/p>\n<p>Bacharel em Comunica\u00e7\u00e3o Social pela Universidade Federal do Cear\u00e1. Iniciou a carreira na R\u00e1dio Universit\u00e1ria FM. Prestou servi\u00e7os como rep\u00f3rter na TV Verdes Mares. Ingressou na Rede Manchete em 1994 e atuou tamb\u00e9m como rep\u00f3rter na RedeTV.<br \/>\nTrabalhou 24 anos no Grupo de Comunica\u00e7\u00e3o O POVO, onde exerceu as fun\u00e7\u00f5es de rep\u00f3rter e apresentador na R\u00e1dio O POVO. Foi tamb\u00e9m rep\u00f3rter e editor do Jornal O POVO.<br \/>\nFoi rep\u00f3rter da TV Cidade de Fortaleza, afiliada da Record TV, por 21 anos, onde tamb\u00e9m realizou mat\u00e9rias para a Record News.<br \/>\nFoi rep\u00f3rter e apresentador da Jovem Pan News Fortaleza, tamb\u00e9m pertencente ao Grupo Cidade de Comunica\u00e7\u00e3o.<br \/>\nAtualmente, comanda uma plataforma de comunica\u00e7\u00e3o com not\u00edcias pol\u00edticas, econ\u00f4micas e de cotidiano, que envolvem um Canal no YouTube, Blog do Rog\u00e9rio Gomes, Instagram, Facebook e um podcast no Spotify.<\/p>\n","protected":false},"excerpt":{"rendered":"<p>Rog\u00e9rio Gomes de Nor\u00f5es \u00e9 natural de Crato-CE com resid\u00eancia em Fortaleza-CE onde mora h\u00e1 mais de 35 anos. Bacharel em Comunica\u00e7\u00e3o Social pela Universidade Federal do Cear\u00e1. Iniciou a carreira na R\u00e1dio Universit\u00e1ria FM. Prestou servi\u00e7os como rep\u00f3rter na TV Verdes Mares. Ingressou na Rede Manchete em 1994 e atuou tamb\u00e9m como rep\u00f3rter na RedeTV. Trabalhou 24 anos no Grupo de Comunica\u00e7\u00e3o O POVO, onde exerceu as fun\u00e7\u00f5es de rep\u00f3rter e apresentador na R\u00e1dio O POVO. Foi tamb\u00e9m&hellip;<\/p>\n","protected":false},"author":1,"featured_media":0,"parent":0,"menu_order":0,"comment_status":"closed","ping_status":"open","template":"","meta":{"footnotes":""},"class_list":["post-2","page","type-page","status-publish","hentry"],"_links":{"self":[{"href":"https:\/\/blogdorogeriogomes.com.br\/noticias\/wp-json\/wp\/v2\/pages\/2","targetHints":{"allow":["GET"]}}],"collection":[{"href":"https:\/\/blogdorogeriogomes.com.br\/noticias\/wp-json\/wp\/v2\/pages"}],"about":[{"href":"https:\/\/blogdorogeriogomes.com.br\/noticias\/wp-json\/wp\/v2\/types\/page"}],"author":[{"embeddable":true,"href":"https:\/\/blogdorogeriogomes.com.br\/noticias\/wp-json\/wp\/v2\/users\/1"}],"replies":[{"embeddable":true,"href":"https:\/\/blogdorogeriogomes.com.br\/noticias\/wp-json\/wp\/v2\/comments?post=2"}],"version-history":[{"count":7,"href":"https:\/\/blogdorogeriogomes.com.br\/noticias\/wp-json\/wp\/v2\/pages\/2\/revisions"}],"predecessor-version":[{"id":16493,"href":"https:\/\/blogdorogeriogomes.com.br\/noticias\/wp-json\/wp\/v2\/pages\/2\/revisions\/16493"}],"wp:attachment":[{"href":"https:\/\/blogdorogeriogomes.com.br\/noticias\/wp-json\/wp\/v2\/media?parent=2"}],"curies":[{"name":"wp","href":"https:\/\/api.w.org\/{rel}","templated":true}]}}